{"id":5463,"date":"2023-08-26T12:11:29","date_gmt":"2023-08-26T12:11:29","guid":{"rendered":"https:\/\/marklauren.com\/kontakt\/"},"modified":"2024-08-20T10:14:54","modified_gmt":"2024-08-20T10:14:54","slug":"kontakt","status":"publish","type":"page","link":"https:\/\/marklauren.com\/de\/kontakt\/","title":{"rendered":"Kontakt"},"content":{"rendered":"\t\t<div data-elementor-type=\"wp-page\" data-elementor-id=\"5463\" class=\"elementor elementor-5463 elementor-5310\" data-elementor-post-type=\"page\">\n\t\t\t\t\t\t<section class=\"elementor-section elementor-top-section elementor-element elementor-element-713ba42 elementor-section-boxed elementor-section-height-default elementor-section-height-default\" data-id=\"713ba42\" data-element_type=\"section\" data-e-type=\"section\" data-settings=\"{&quot;background_background&quot;:&quot;classic&quot;}\">\n\t\t\t\t\t\t<div class=\"elementor-container elementor-column-gap-default\">\n\t\t\t\t\t<div class=\"elementor-column elementor-col-100 elementor-top-column elementor-element elementor-element-505d0fd\" data-id=\"505d0fd\" data-element_type=\"column\" data-e-type=\"column\">\n\t\t\t<div class=\"elementor-widget-wrap elementor-element-populated\">\n\t\t\t\t\t\t<div class=\"elementor-element elementor-element-f160021 elementor-widget elementor-widget-heading\" data-id=\"f160021\" data-element_type=\"widget\" data-e-type=\"widget\" data-widget_type=\"heading.default\">\n\t\t\t\t<div class=\"elementor-widget-container\">\n\t\t\t\t\t<h1 class=\"elementor-heading-title elementor-size-default\">Wie k\u00f6nnen wir dir helfen?<\/h1>\t\t\t\t<\/div>\n\t\t\t\t<\/div>\n\t\t\t\t<div class=\"elementor-element elementor-element-db75a9a elementor-widget elementor-widget-text-editor\" data-id=\"db75a9a\" data-element_type=\"widget\" data-e-type=\"widget\" data-widget_type=\"text-editor.default\">\n\t\t\t\t<div class=\"elementor-widget-container\">\n\t\t\t\t\t\t\t\t\t<p>Wenn du Fragen zur Ausbildung hast, Hilfe bei der Nutzung der Website\/App ben\u00f6tigst oder technische Probleme hast, f\u00fclle bitte das folgende Formular aus und gib so viele Informationen wie m\u00f6glich an.<\/p>\t\t\t\t\t\t\t\t<\/div>\n\t\t\t\t<\/div>\n\t\t\t\t\t<\/div>\n\t\t<\/div>\n\t\t\t\t\t<\/div>\n\t\t<\/section>\n\t\t\t\t<section class=\"elementor-section elementor-top-section elementor-element elementor-element-ebfa030 elementor-section-full_width elementor-section-height-default elementor-section-height-default\" data-id=\"ebfa030\" data-element_type=\"section\" data-e-type=\"section\">\n\t\t\t\t\t\t<div class=\"elementor-container elementor-column-gap-no\">\n\t\t\t\t\t<div class=\"elementor-column elementor-col-100 elementor-top-column elementor-element elementor-element-a92beac\" data-id=\"a92beac\" data-element_type=\"column\" data-e-type=\"column\">\n\t\t\t<div class=\"elementor-widget-wrap elementor-element-populated\">\n\t\t\t\t\t\t<div class=\"elementor-element elementor-element-4e59fe2 elementor-widget elementor-widget-html\" data-id=\"4e59fe2\" data-element_type=\"widget\" data-e-type=\"widget\" data-widget_type=\"html.default\">\n\t\t\t\t<div class=\"elementor-widget-container\">\n\t\t\t\t\t<script src=https:\/\/bodyweight.marklauren.com\/forms\/2148472529\/embed.js><\/script>\t\t\t\t<\/div>\n\t\t\t\t<\/div>\n\t\t\t\t\t<\/div>\n\t\t<\/div>\n\t\t\t\t\t<\/div>\n\t\t<\/section>\n\t\t\t\t<section class=\"elementor-section elementor-top-section elementor-element elementor-element-402a75e elementor-section-boxed elementor-section-height-default elementor-section-height-default\" data-id=\"402a75e\" data-element_type=\"section\" data-e-type=\"section\" data-settings=\"{&quot;background_background&quot;:&quot;classic&quot;}\">\n\t\t\t\t\t\t<div class=\"elementor-container elementor-column-gap-default\">\n\t\t\t\t\t<div class=\"elementor-column elementor-col-100 elementor-top-column elementor-element elementor-element-8c81267\" data-id=\"8c81267\" data-element_type=\"column\" data-e-type=\"column\">\n\t\t\t<div class=\"elementor-widget-wrap\">\n\t\t\t\t\t\t\t<\/div>\n\t\t<\/div>\n\t\t\t\t\t<\/div>\n\t\t<\/section>\n\t\t\t\t<\/div>\n\t\t","protected":false},"excerpt":{"rendered":"<p>Wie k\u00f6nnen wir dir helfen? Wenn du Fragen zur Ausbildung hast, Hilfe bei der Nutzung der Website\/App ben\u00f6tigst oder technische Probleme hast, f\u00fclle bitte das folgende Formular aus und gib so viele Informationen wie m\u00f6glich an.<\/p>\n","protected":false},"author":1,"featured_media":0,"parent":0,"menu_order":0,"comment_status":"closed","ping_status":"closed","template":"elementor_header_footer","meta":{"footnotes":""},"class_list":["post-5463","page","type-page","status-publish","hentry"],"yoast_head":"<!-- This site is optimized with the Yoast SEO plugin v27.4 - https:\/\/yoast.com\/product\/yoast-seo-wordpress\/ -->\n<title>Kontakt - Mark Lauren<\/title>\n<meta name=\"robots\" content=\"index, follow, max-snippet:-1, max-image-preview:large, max-video-preview:-1\" \/>\n<link rel=\"canonical\" href=\"https:\/\/marklauren.com\/de\/kontakt\/\" \/>\n<meta property=\"og:locale\" content=\"de_DE\" \/>\n<meta property=\"og:type\" content=\"article\" \/>\n<meta property=\"og:title\" content=\"Kontakt - Mark Lauren\" \/>\n<meta property=\"og:description\" content=\"Wie k\u00f6nnen wir dir helfen? Wenn du Fragen zur Ausbildung hast, Hilfe bei der Nutzung der Website\/App ben\u00f6tigst oder technische Probleme hast, f\u00fclle bitte das folgende Formular aus und gib so viele Informationen wie m\u00f6glich an.\" \/>\n<meta property=\"og:url\" content=\"https:\/\/marklauren.com\/de\/kontakt\/\" \/>\n<meta property=\"og:site_name\" content=\"Mark Lauren\" \/>\n<meta property=\"article:modified_time\" content=\"2024-08-20T10:14:54+00:00\" \/>\n<meta name=\"twitter:card\" content=\"summary_large_image\" \/>\n<meta name=\"twitter:label1\" content=\"Gesch\u00e4tzte Lesezeit\" \/>\n\t<meta name=\"twitter:data1\" content=\"1 Minute\" \/>\n<script type=\"application\/ld+json\" class=\"yoast-schema-graph\">{\"@context\":\"https:\\\/\\\/schema.org\",\"@graph\":[{\"@type\":\"WebPage\",\"@id\":\"https:\\\/\\\/marklauren.com\\\/de\\\/kontakt\\\/\",\"url\":\"https:\\\/\\\/marklauren.com\\\/de\\\/kontakt\\\/\",\"name\":\"Kontakt - Mark Lauren\",\"isPartOf\":{\"@id\":\"https:\\\/\\\/marklauren.com\\\/de\\\/#website\"},\"datePublished\":\"2023-08-26T12:11:29+00:00\",\"dateModified\":\"2024-08-20T10:14:54+00:00\",\"breadcrumb\":{\"@id\":\"https:\\\/\\\/marklauren.com\\\/de\\\/kontakt\\\/#breadcrumb\"},\"inLanguage\":\"de-DE\",\"potentialAction\":[{\"@type\":\"ReadAction\",\"target\":[\"https:\\\/\\\/marklauren.com\\\/de\\\/kontakt\\\/\"]}]},{\"@type\":\"BreadcrumbList\",\"@id\":\"https:\\\/\\\/marklauren.com\\\/de\\\/kontakt\\\/#breadcrumb\",\"itemListElement\":[{\"@type\":\"ListItem\",\"position\":1,\"name\":\"Home\",\"item\":\"https:\\\/\\\/marklauren.com\\\/de\\\/home\\\/\"},{\"@type\":\"ListItem\",\"position\":2,\"name\":\"Kontakt\"}]},{\"@type\":\"WebSite\",\"@id\":\"https:\\\/\\\/marklauren.com\\\/de\\\/#website\",\"url\":\"https:\\\/\\\/marklauren.com\\\/de\\\/\",\"name\":\"Mark Lauren\",\"description\":\"\",\"publisher\":{\"@id\":\"https:\\\/\\\/marklauren.com\\\/de\\\/#organization\"},\"potentialAction\":[{\"@type\":\"SearchAction\",\"target\":{\"@type\":\"EntryPoint\",\"urlTemplate\":\"https:\\\/\\\/marklauren.com\\\/de\\\/?s={search_term_string}\"},\"query-input\":{\"@type\":\"PropertyValueSpecification\",\"valueRequired\":true,\"valueName\":\"search_term_string\"}}],\"inLanguage\":\"de-DE\"},{\"@type\":\"Organization\",\"@id\":\"https:\\\/\\\/marklauren.com\\\/de\\\/#organization\",\"name\":\"Mark Lauren\",\"url\":\"https:\\\/\\\/marklauren.com\\\/de\\\/\",\"logo\":{\"@type\":\"ImageObject\",\"inLanguage\":\"de-DE\",\"@id\":\"https:\\\/\\\/marklauren.com\\\/de\\\/#\\\/schema\\\/logo\\\/image\\\/\",\"url\":\"https:\\\/\\\/marklauren.com\\\/wp-content\\\/uploads\\\/2020\\\/02\\\/cropped-ml_logo.png\",\"contentUrl\":\"https:\\\/\\\/marklauren.com\\\/wp-content\\\/uploads\\\/2020\\\/02\\\/cropped-ml_logo.png\",\"width\":663,\"height\":91,\"caption\":\"Mark Lauren\"},\"image\":{\"@id\":\"https:\\\/\\\/marklauren.com\\\/de\\\/#\\\/schema\\\/logo\\\/image\\\/\"}}]}<\/script>\n<!-- \/ Yoast SEO plugin. -->","yoast_head_json":{"title":"Kontakt - Mark Lauren","robots":{"index":"index","follow":"follow","max-snippet":"max-snippet:-1","max-image-preview":"max-image-preview:large","max-video-preview":"max-video-preview:-1"},"canonical":"https:\/\/marklauren.com\/de\/kontakt\/","og_locale":"de_DE","og_type":"article","og_title":"Kontakt - Mark Lauren","og_description":"Wie k\u00f6nnen wir dir helfen? Wenn du Fragen zur Ausbildung hast, Hilfe bei der Nutzung der Website\/App ben\u00f6tigst oder technische Probleme hast, f\u00fclle bitte das folgende Formular aus und gib so viele Informationen wie m\u00f6glich an.","og_url":"https:\/\/marklauren.com\/de\/kontakt\/","og_site_name":"Mark Lauren","article_modified_time":"2024-08-20T10:14:54+00:00","twitter_card":"summary_large_image","twitter_misc":{"Gesch\u00e4tzte Lesezeit":"1 Minute"},"schema":{"@context":"https:\/\/schema.org","@graph":[{"@type":"WebPage","@id":"https:\/\/marklauren.com\/de\/kontakt\/","url":"https:\/\/marklauren.com\/de\/kontakt\/","name":"Kontakt - Mark Lauren","isPartOf":{"@id":"https:\/\/marklauren.com\/de\/#website"},"datePublished":"2023-08-26T12:11:29+00:00","dateModified":"2024-08-20T10:14:54+00:00","breadcrumb":{"@id":"https:\/\/marklauren.com\/de\/kontakt\/#breadcrumb"},"inLanguage":"de-DE","potentialAction":[{"@type":"ReadAction","target":["https:\/\/marklauren.com\/de\/kontakt\/"]}]},{"@type":"BreadcrumbList","@id":"https:\/\/marklauren.com\/de\/kontakt\/#breadcrumb","itemListElement":[{"@type":"ListItem","position":1,"name":"Home","item":"https:\/\/marklauren.com\/de\/home\/"},{"@type":"ListItem","position":2,"name":"Kontakt"}]},{"@type":"WebSite","@id":"https:\/\/marklauren.com\/de\/#website","url":"https:\/\/marklauren.com\/de\/","name":"Mark Lauren","description":"","publisher":{"@id":"https:\/\/marklauren.com\/de\/#organization"},"potentialAction":[{"@type":"SearchAction","target":{"@type":"EntryPoint","urlTemplate":"https:\/\/marklauren.com\/de\/?s={search_term_string}"},"query-input":{"@type":"PropertyValueSpecification","valueRequired":true,"valueName":"search_term_string"}}],"inLanguage":"de-DE"},{"@type":"Organization","@id":"https:\/\/marklauren.com\/de\/#organization","name":"Mark Lauren","url":"https:\/\/marklauren.com\/de\/","logo":{"@type":"ImageObject","inLanguage":"de-DE","@id":"https:\/\/marklauren.com\/de\/#\/schema\/logo\/image\/","url":"https:\/\/marklauren.com\/wp-content\/uploads\/2020\/02\/cropped-ml_logo.png","contentUrl":"https:\/\/marklauren.com\/wp-content\/uploads\/2020\/02\/cropped-ml_logo.png","width":663,"height":91,"caption":"Mark Lauren"},"image":{"@id":"https:\/\/marklauren.com\/de\/#\/schema\/logo\/image\/"}}]}},"_links":{"self":[{"href":"https:\/\/marklauren.com\/de\/wp-json\/wp\/v2\/pages\/5463","targetHints":{"allow":["GET"]}}],"collection":[{"href":"https:\/\/marklauren.com\/de\/wp-json\/wp\/v2\/pages"}],"about":[{"href":"https:\/\/marklauren.com\/de\/wp-json\/wp\/v2\/types\/page"}],"author":[{"embeddable":true,"href":"https:\/\/marklauren.com\/de\/wp-json\/wp\/v2\/users\/1"}],"replies":[{"embeddable":true,"href":"https:\/\/marklauren.com\/de\/wp-json\/wp\/v2\/comments?post=5463"}],"version-history":[{"count":0,"href":"https:\/\/marklauren.com\/de\/wp-json\/wp\/v2\/pages\/5463\/revisions"}],"wp:attachment":[{"href":"https:\/\/marklauren.com\/de\/wp-json\/wp\/v2\/media?parent=5463"}],"curies":[{"name":"wp","href":"https:\/\/api.w.org\/{rel}","templated":true}]}}